{"id":45,"date":"2023-10-11T16:42:15","date_gmt":"2023-10-11T16:42:15","guid":{"rendered":"https:\/\/tohmek.pl\/?page_id=45"},"modified":"2025-10-25T16:53:32","modified_gmt":"2025-10-25T16:53:32","slug":"witam","status":"publish","type":"page","link":"https:\/\/tohmek.pl\/","title":{"rendered":"HOME"},"content":{"rendered":"\n<p>tOHMek to uczestnictwo w r\u00f3\u017cnych dziedzinach przemys\u0142u zwi\u0105zanego z <a href=\"https:\/\/tohmek.pl\/index.php\/reaktory-mikrofalowe\/\" data-type=\"page\" data-id=\"18\">elektronik\u0105 <\/a>i <a href=\"https:\/\/tohmek.pl\/index.php\/sample-page\/\" data-type=\"page\" data-id=\"2\">elektryk\u0105<\/a>. W niekt\u00f3rych bra\u0142a udzia\u0142 tworzona przez tOHMka <a href=\"https:\/\/tohmek.pl\/index.php\/logistyka\/\" data-type=\"page\" data-id=\"34\">logistyka <\/a>wspomagaj\u0105ca procesy produkcyjne.<\/p>\n\n\n\n<p>Poni\u017cej (oraz poprzez menu umieszczone u g\u00f3ry) znajdziesz linki do informacji o kilku zakresach dzia\u0142alno\u015bci tOHMka. Menu u g\u00f3ry zawiera kilka dodatkowych podstron w ka\u017cdym &#8222;temacie&#8221;.<\/p>\n\n\n\n<p>tOHMek dzia\u0142a zawsze w zgodzie z prawem OHM&#8217;a i zaprasza    \ud83d\ude42<\/p>\n\n\n\n<div class=\"wp-block-cover\" style=\"min-height:432px;aspect-ratio:unset;\"><img loading=\"lazy\" decoding=\"async\" width=\"400\" height=\"250\" class=\"wp-block-cover__image-background wp-image-294\" alt=\"\" src=\"https:\/\/tohmek.pl\/wp-content\/uploads\/2024\/02\/elektronika.jpg\" data-object-fit=\"cover\" srcset=\"https:\/\/tohmek.pl\/wp-content\/uploads\/2024\/02\/elektronika.jpg 400w, https:\/\/tohmek.pl\/wp-content\/uploads\/2024\/02\/elektronika-300x188.jpg 300w\" sizes=\"auto, (max-width: 400px) 100vw, 400px\" \/><span aria-hidden=\"true\" class=\"wp-block-cover__background has-background-dim\"><\/span><div class=\"wp-block-cover__inner-container is-layout-flow wp-block-cover-is-layout-flow\">\n<p class=\"has-text-align-center has-background-color has-text-color has-link-color has-large-font-size wp-elements-cb561cf4a9be92d089cab9e79a2085fb\"><a href=\"https:\/\/tohmek.pl\/index.php\/reaktory-mikrofalowe\/\" data-type=\"page\" data-id=\"18\">ELEKTRONIKA<\/a><\/p>\n<\/div><\/div>\n\n\n\n<div class=\"wp-block-cover\"><img loading=\"lazy\" decoding=\"async\" width=\"480\" height=\"640\" class=\"wp-block-cover__image-background wp-image-148\" alt=\"\" src=\"https:\/\/tohmek.pl\/wp-content\/uploads\/2023\/10\/image.jpeg\" data-object-fit=\"cover\" srcset=\"https:\/\/tohmek.pl\/wp-content\/uploads\/2023\/10\/image.jpeg 480w, https:\/\/tohmek.pl\/wp-content\/uploads\/2023\/10\/image-225x300.jpeg 225w\" sizes=\"auto, (max-width: 480px) 100vw, 480px\" \/><span aria-hidden=\"true\" class=\"wp-block-cover__background has-background-dim\"><\/span><div class=\"wp-block-cover__inner-container is-layout-flow wp-block-cover-is-layout-flow\">\n<p class=\"has-text-align-center has-background-color has-text-color has-link-color has-large-font-size wp-elements-58ed629727f98ddbcc61e733235d8c48\"><a href=\"https:\/\/tohmek.pl\/index.php\/sample-page\/\" data-type=\"page\" data-id=\"2\">ELEKTRYKA<\/a><\/p>\n<\/div><\/div>\n\n\n\n<div class=\"wp-block-cover\"><img loading=\"lazy\" decoding=\"async\" width=\"1280\" height=\"903\" class=\"wp-block-cover__image-background wp-image-312\" alt=\"\" src=\"https:\/\/tohmek.pl\/wp-content\/uploads\/2024\/02\/zaopatrzenie.jpg\" data-object-fit=\"cover\" srcset=\"https:\/\/tohmek.pl\/wp-content\/uploads\/2024\/02\/zaopatrzenie.jpg 1280w, https:\/\/tohmek.pl\/wp-content\/uploads\/2024\/02\/zaopatrzenie-300x212.jpg 300w, https:\/\/tohmek.pl\/wp-content\/uploads\/2024\/02\/zaopatrzenie-1024x722.jpg 1024w, https:\/\/tohmek.pl\/wp-content\/uploads\/2024\/02\/zaopatrzenie-768x542.jpg 768w\" sizes=\"auto, (max-width: 1280px) 100vw, 1280px\" \/><span aria-hidden=\"true\" class=\"wp-block-cover__background has-background-dim\"><\/span><div class=\"wp-block-cover__inner-container is-layout-constrained wp-block-cover-is-layout-constrained\">\n<p class=\"has-text-align-center has-background-color has-text-color has-link-color has-large-font-size wp-elements-84cfcc2553a7742ad3384ce1e7bc32eb\"><a href=\"https:\/\/tohmek.pl\/index.php\/logistyka\/\" data-type=\"page\" data-id=\"34\">LOGISTYKA<\/a><\/p>\n<\/div><\/div>\n","protected":false},"excerpt":{"rendered":"<p>tOHMek to uczestnictwo w r\u00f3\u017cnych dziedzinach przemys\u0142u zwi\u0105zanego z elektronik\u0105 i elektryk\u0105. W niekt\u00f3rych bra\u0142a udzia\u0142 tworzona przez tOHMka logistyka wspomagaj\u0105ca procesy produkcyjne. Poni\u017cej (oraz poprzez menu umieszczone u g\u00f3ry) znajdziesz linki do informacji o kilku zakresach dzia\u0142alno\u015bci tOHMka. Menu u g\u00f3ry zawiera kilka dodatkowych podstron w ka\u017cdym &#8222;temacie&#8221;. tOHMek dzia\u0142a zawsze w zgodzie z [&hellip;]<\/p>\n","protected":false},"author":1,"featured_media":0,"parent":0,"menu_order":0,"comment_status":"closed","ping_status":"closed","template":"","meta":{"footnotes":""},"class_list":["post-45","page","type-page","status-publish","hentry"],"_links":{"self":[{"href":"https:\/\/tohmek.pl\/index.php\/wp-json\/wp\/v2\/pages\/45","targetHints":{"allow":["GET"]}}],"collection":[{"href":"https:\/\/tohmek.pl\/index.php\/wp-json\/wp\/v2\/pages"}],"about":[{"href":"https:\/\/tohmek.pl\/index.php\/wp-json\/wp\/v2\/types\/page"}],"author":[{"embeddable":true,"href":"https:\/\/tohmek.pl\/index.php\/wp-json\/wp\/v2\/users\/1"}],"replies":[{"embeddable":true,"href":"https:\/\/tohmek.pl\/index.php\/wp-json\/wp\/v2\/comments?post=45"}],"version-history":[{"count":34,"href":"https:\/\/tohmek.pl\/index.php\/wp-json\/wp\/v2\/pages\/45\/revisions"}],"predecessor-version":[{"id":341,"href":"https:\/\/tohmek.pl\/index.php\/wp-json\/wp\/v2\/pages\/45\/revisions\/341"}],"wp:attachment":[{"href":"https:\/\/tohmek.pl\/index.php\/wp-json\/wp\/v2\/media?parent=45"}],"curies":[{"name":"wp","href":"https:\/\/api.w.org\/{rel}","templated":true}]}}