{"id":34,"date":"2023-10-11T16:26:30","date_gmt":"2023-10-11T16:26:30","guid":{"rendered":"https:\/\/tohmek.pl\/?page_id=34"},"modified":"2025-07-06T15:08:01","modified_gmt":"2025-07-06T15:08:01","slug":"logistyka","status":"publish","type":"page","link":"https:\/\/tohmek.pl\/index.php\/logistyka\/","title":{"rendered":"LOGISTYKA"},"content":{"rendered":"\n<figure class=\"wp-block-video\"><video height=\"1080\" style=\"aspect-ratio: 1920 \/ 1080;\" width=\"1920\" controls src=\"https:\/\/tohmek.pl\/wp-content\/uploads\/2025\/07\/Logistyka.mp4\"><\/video><\/figure>\n\n\n\n<p>Zajmowa\u0142em si\u0119 logistyk\u0105 proces\u00f3w (w firmach handlowych i produkcyjno\/handlowych) ju\u017c w po\u0142owie lat dziewi\u0119\u0107dziesi\u0105tych dwudziestego wieku.&nbsp;<\/p>\n\n\n\n<p>Pocz\u0105tkowo (rok 1997) by\u0142o to zbieranie danych w postaci cotygodniowych zestawie\u0144&nbsp; z 13 oddzia\u0142\u00f3w firmy na temat sprzeda\u017cy, zapas\u00f3w magazynowych oraz zam\u00f3wie\u0144.&nbsp;&nbsp;<\/p>\n\n\n\n<p>By\u0142a to w tamtych latach mozolna praca w arkuszach kalkulacyjnych EXCEL nad danymi nadsy\u0142anymi cotygodniowo na dyskietkach z oddzia\u0142\u00f3w firmy Selena Sp. o.o. [ <a rel=\"noreferrer noopener\" href=\"http:\/\/www.selena.pl\/pl\/\" target=\"_blank\">http:\/\/www.selena.pl\/pl\/<\/a>&nbsp; ] producenta chemii budowlanej (np. znana marka TYTAN)&nbsp;<\/p>\n\n\n\n<p>Na tej podstawie odbywa\u0142o si\u0119 planowanie zam\u00f3wie\u0144 u producent\u00f3w i dostaw do oddzia\u0142\u00f3w firmy.&nbsp;<\/p>\n\n\n\n<h5 class=\"wp-block-heading\">WPROWADZANIE NOWOCZESNYCH NARZ\u0118DZI LOGISTYCZNYCH I ZAKUPOWYCH<\/h5>\n\n\n\n<p>W p\u00f3\u017aniejszych latach stworzy\u0142em system kontroli zam\u00f3wie\u0144 klient\u00f3w. W  firmie ComputerLand S.A. (oddzia\u0142 Wroc\u0142aw) [ przekszta\u0142cenie w Sygnity &#8211; [ <a href=\"https:\/\/www.sygnity.pl\/o-nas\/\" target=\"_blank\" rel=\"noreferrer noopener\">https:\/\/www.sygnity.pl\/o-nas\/<\/a> ]  zbudowano wed\u0142ug moich za\u0142o\u017ce\u0144, system oparty na platformie Lotus Notes firmy IBM&nbsp;<\/p>\n\n\n\n<p>Stworzono aplikacj\u0119 dzia\u0142aj\u0105c\u0105 ju\u017c wtedy online. Z aplikacji korzysta\u0142y dzia\u0142y firmy uczestnicz\u0105ce w procesie od zam\u00f3wienia przez dzia\u0142 handlowy towar\u00f3w na potrzeby klienta, poprzez przyj\u0119cie do magazynu, monta\u017c niezb\u0119dnych podzespo\u0142\u00f3w przez dzia\u0142 serwisu, a\u017c do wydania produktu klientowi.&nbsp;<\/p>\n\n\n\n<p>Produkt \u015bledzony i ewidencjonowany by\u0142 na ka\u017cdym etapie. Poszczeg\u00f3lne dzia\u0142y firmy mia\u0142y w systemie przejrzysty podgl\u0105d stanu na jakim znajdowa\u0142y si\u0119 zam\u00f3wione produkty.&nbsp;<\/p>\n\n\n\n<p>Niestety nie zachowa\u0142y si\u0119 \u017cadne materia\u0142y fotograficzne z tamtego okresu. By\u0142  to jednak\u017ce okres najbardziej efektywnego rozwoju logistyki u tOHMka. Warto wspomnie\u0107 \u017ce mo\u017cliwe by\u0142o to dzi\u0119ki doskona\u0142ej atmosferze pracy tworzonej przez \u00f3wczesnego prezesa ComputerLand S.A. Tomasza Sielickiego.<\/p>\n\n\n\n<p><strong>BUDOWA SYSTEMU ZARZ\u0104DZANIA JAKO\u015aCI\u0104&nbsp;<\/strong><\/p>\n\n\n\n<p>Do dzia\u0142a\u0144 logistycznych mo\u017cna zaliczy\u0107 uczestnictwo w tworzeniu systemu zarz\u0105dzania jako\u015bci\u0105 ISO 9001 dla firmy. System ten ukierunkowany jest na zrozumienie i spe\u0142nienie wymaga\u0144 klienta&nbsp;<\/p>\n\n\n\n<p><strong>BUDOWA BAZY DOSTAWC\u00d3W&nbsp;<\/strong><\/p>\n\n\n\n<p>Po trzech miesi\u0105cach przej\u0105\u0142em zadania centralnego departamentu zam\u00f3wie\u0144 z Warszawy i nawi\u0105za\u0142em bezpo\u015brednie kontakty z ponad 130 dostawcami.&nbsp;&nbsp;<\/p>\n\n\n\n<p>Konsekwencj\u0105 przej\u0119cia tych zada\u0144 sta\u0142o si\u0119 stworzenie bazy danych dostawc\u00f3w. Baza zawiera\u0142a wszelkie potrzebne informacje s\u0142u\u017c\u0105ce zakupom.&nbsp;<\/p>\n\n\n\n<p>Baza danych by\u0142a stopniowo przejmowana i wdra\u017cana przez pozosta\u0142e oddzia\u0142y firmy.&nbsp;<\/p>\n","protected":false},"excerpt":{"rendered":"<p>Zajmowa\u0142em si\u0119 logistyk\u0105 proces\u00f3w (w firmach handlowych i produkcyjno\/handlowych) ju\u017c w po\u0142owie lat dziewi\u0119\u0107dziesi\u0105tych dwudziestego wieku.&nbsp; Pocz\u0105tkowo (rok 1997) by\u0142o to zbieranie danych w postaci cotygodniowych zestawie\u0144&nbsp; z 13 oddzia\u0142\u00f3w firmy na temat sprzeda\u017cy, zapas\u00f3w magazynowych oraz zam\u00f3wie\u0144.&nbsp;&nbsp; By\u0142a to w tamtych latach mozolna praca w arkuszach kalkulacyjnych EXCEL nad danymi nadsy\u0142anymi cotygodniowo na dyskietkach [&hellip;]<\/p>\n","protected":false},"author":1,"featured_media":0,"parent":0,"menu_order":0,"comment_status":"closed","ping_status":"closed","template":"","meta":{"footnotes":""},"class_list":["post-34","page","type-page","status-publish","hentry"],"_links":{"self":[{"href":"https:\/\/tohmek.pl\/index.php\/wp-json\/wp\/v2\/pages\/34","targetHints":{"allow":["GET"]}}],"collection":[{"href":"https:\/\/tohmek.pl\/index.php\/wp-json\/wp\/v2\/pages"}],"about":[{"href":"https:\/\/tohmek.pl\/index.php\/wp-json\/wp\/v2\/types\/page"}],"author":[{"embeddable":true,"href":"https:\/\/tohmek.pl\/index.php\/wp-json\/wp\/v2\/users\/1"}],"replies":[{"embeddable":true,"href":"https:\/\/tohmek.pl\/index.php\/wp-json\/wp\/v2\/comments?post=34"}],"version-history":[{"count":11,"href":"https:\/\/tohmek.pl\/index.php\/wp-json\/wp\/v2\/pages\/34\/revisions"}],"predecessor-version":[{"id":349,"href":"https:\/\/tohmek.pl\/index.php\/wp-json\/wp\/v2\/pages\/34\/revisions\/349"}],"wp:attachment":[{"href":"https:\/\/tohmek.pl\/index.php\/wp-json\/wp\/v2\/media?parent=34"}],"curies":[{"name":"wp","href":"https:\/\/api.w.org\/{rel}","templated":true}]}}