{"id":200,"date":"2023-10-15T13:29:12","date_gmt":"2023-10-15T13:29:12","guid":{"rendered":"https:\/\/tohmek.pl\/?page_id=200"},"modified":"2026-01-04T16:13:12","modified_gmt":"2026-01-04T16:13:12","slug":"ertec-mikrofale-w-nauce-i-technice","status":"publish","type":"page","link":"https:\/\/tohmek.pl\/index.php\/reaktory-mikrofalowe\/ertec-mikrofale-w-nauce-i-technice\/","title":{"rendered":"ERTEC mikrofale w nauce i technice"},"content":{"rendered":"\n<p>\/<a href=\"http:\/\/ertec.pl\/\">http:\/\/ertec.pl\/<\/a><\/p>\n\n\n\n<figure class=\"wp-block-image size-full\"><img loading=\"lazy\" decoding=\"async\" width=\"749\" height=\"925\" src=\"https:\/\/tohmek.pl\/wp-content\/uploads\/2023\/10\/laborantka.jpg\" alt=\"\" class=\"wp-image-229\" srcset=\"https:\/\/tohmek.pl\/wp-content\/uploads\/2023\/10\/laborantka.jpg 749w, https:\/\/tohmek.pl\/wp-content\/uploads\/2023\/10\/laborantka-243x300.jpg 243w\" sizes=\"auto, (max-width: 749px) 100vw, 749px\" \/><figcaption class=\"wp-element-caption\">Otwarte systemy mikrofalowe<\/figcaption><\/figure>\n\n\n\n<figure class=\"wp-block-image size-large\"><img loading=\"lazy\" decoding=\"async\" width=\"1024\" height=\"681\" src=\"https:\/\/tohmek.pl\/wp-content\/uploads\/2023\/10\/DSC_0001-1024x681.jpg\" alt=\"\" class=\"wp-image-201\" srcset=\"https:\/\/tohmek.pl\/wp-content\/uploads\/2023\/10\/DSC_0001-1024x681.jpg 1024w, https:\/\/tohmek.pl\/wp-content\/uploads\/2023\/10\/DSC_0001-300x199.jpg 300w, https:\/\/tohmek.pl\/wp-content\/uploads\/2023\/10\/DSC_0001-768x511.jpg 768w, https:\/\/tohmek.pl\/wp-content\/uploads\/2023\/10\/DSC_0001-1536x1021.jpg 1536w, https:\/\/tohmek.pl\/wp-content\/uploads\/2023\/10\/DSC_0001-2048x1362.jpg 2048w\" sizes=\"auto, (max-width: 1024px) 100vw, 1024px\" \/><figcaption class=\"wp-element-caption\">Mikrofalowy EKSTRAKTOR z podgl\u0105dem video wn\u0119trza komory<\/figcaption><\/figure>\n\n\n\n<figure class=\"wp-block-image size-large\"><img loading=\"lazy\" decoding=\"async\" width=\"1024\" height=\"795\" src=\"https:\/\/tohmek.pl\/wp-content\/uploads\/2023\/10\/widok-ogolny-1024x795.jpg\" alt=\"\" class=\"wp-image-203\" srcset=\"https:\/\/tohmek.pl\/wp-content\/uploads\/2023\/10\/widok-ogolny-1024x795.jpg 1024w, https:\/\/tohmek.pl\/wp-content\/uploads\/2023\/10\/widok-ogolny-300x233.jpg 300w, https:\/\/tohmek.pl\/wp-content\/uploads\/2023\/10\/widok-ogolny-768x596.jpg 768w, https:\/\/tohmek.pl\/wp-content\/uploads\/2023\/10\/widok-ogolny-1536x1193.jpg 1536w, https:\/\/tohmek.pl\/wp-content\/uploads\/2023\/10\/widok-ogolny-2048x1590.jpg 2048w\" sizes=\"auto, (max-width: 1024px) 100vw, 1024px\" \/><figcaption class=\"wp-element-caption\">Sterylizacja \u017cywno\u015bci pulsacyjnym polem elektrycznym. Wroc\u0142awski Uniwersytet Przyrodniczy<\/figcaption><\/figure>\n\n\n\n<figure class=\"wp-block-image size-large\"><img loading=\"lazy\" decoding=\"async\" width=\"1024\" height=\"681\" src=\"https:\/\/tohmek.pl\/wp-content\/uploads\/2023\/10\/DSC_0015-1024x681.jpg\" alt=\"\" class=\"wp-image-204\" srcset=\"https:\/\/tohmek.pl\/wp-content\/uploads\/2023\/10\/DSC_0015-1024x681.jpg 1024w, https:\/\/tohmek.pl\/wp-content\/uploads\/2023\/10\/DSC_0015-300x199.jpg 300w, https:\/\/tohmek.pl\/wp-content\/uploads\/2023\/10\/DSC_0015-768x511.jpg 768w, https:\/\/tohmek.pl\/wp-content\/uploads\/2023\/10\/DSC_0015-1536x1021.jpg 1536w, https:\/\/tohmek.pl\/wp-content\/uploads\/2023\/10\/DSC_0015-2048x1362.jpg 2048w\" sizes=\"auto, (max-width: 1024px) 100vw, 1024px\" \/><figcaption class=\"wp-element-caption\">Plazmowy reaktor wysokiej mocy ze stolikiem grzewczym <\/figcaption><\/figure>\n\n\n\n<figure class=\"wp-block-image size-large\"><img loading=\"lazy\" decoding=\"async\" width=\"1024\" height=\"673\" src=\"https:\/\/tohmek.pl\/wp-content\/uploads\/2023\/10\/100_1823-1024x673.jpg\" alt=\"\" class=\"wp-image-205\" srcset=\"https:\/\/tohmek.pl\/wp-content\/uploads\/2023\/10\/100_1823-1024x673.jpg 1024w, https:\/\/tohmek.pl\/wp-content\/uploads\/2023\/10\/100_1823-300x197.jpg 300w, https:\/\/tohmek.pl\/wp-content\/uploads\/2023\/10\/100_1823-768x505.jpg 768w, https:\/\/tohmek.pl\/wp-content\/uploads\/2023\/10\/100_1823-1536x1010.jpg 1536w, https:\/\/tohmek.pl\/wp-content\/uploads\/2023\/10\/100_1823-2048x1347.jpg 2048w\" sizes=\"auto, (max-width: 1024px) 100vw, 1024px\" \/><figcaption class=\"wp-element-caption\">Suszarnia mikrofalowa Pozna\u0144<\/figcaption><\/figure>\n\n\n\n<figure class=\"wp-block-image size-full\"><img loading=\"lazy\" decoding=\"async\" width=\"800\" height=\"600\" src=\"https:\/\/tohmek.pl\/wp-content\/uploads\/2023\/10\/plazmalodz3-modified-1.jpg\" alt=\"\" class=\"wp-image-236\" srcset=\"https:\/\/tohmek.pl\/wp-content\/uploads\/2023\/10\/plazmalodz3-modified-1.jpg 800w, https:\/\/tohmek.pl\/wp-content\/uploads\/2023\/10\/plazmalodz3-modified-1-300x225.jpg 300w, https:\/\/tohmek.pl\/wp-content\/uploads\/2023\/10\/plazmalodz3-modified-1-768x576.jpg 768w\" sizes=\"auto, (max-width: 800px) 100vw, 800px\" \/><figcaption class=\"wp-element-caption\">Plazma mikrofalowa<\/figcaption><\/figure>\n","protected":false},"excerpt":{"rendered":"<p>\/http:\/\/ertec.pl\/<\/p>\n","protected":false},"author":1,"featured_media":0,"parent":18,"menu_order":0,"comment_status":"closed","ping_status":"closed","template":"","meta":{"footnotes":""},"class_list":["post-200","page","type-page","status-publish","hentry"],"_links":{"self":[{"href":"https:\/\/tohmek.pl\/index.php\/wp-json\/wp\/v2\/pages\/200","targetHints":{"allow":["GET"]}}],"collection":[{"href":"https:\/\/tohmek.pl\/index.php\/wp-json\/wp\/v2\/pages"}],"about":[{"href":"https:\/\/tohmek.pl\/index.php\/wp-json\/wp\/v2\/types\/page"}],"author":[{"embeddable":true,"href":"https:\/\/tohmek.pl\/index.php\/wp-json\/wp\/v2\/users\/1"}],"replies":[{"embeddable":true,"href":"https:\/\/tohmek.pl\/index.php\/wp-json\/wp\/v2\/comments?post=200"}],"version-history":[{"count":7,"href":"https:\/\/tohmek.pl\/index.php\/wp-json\/wp\/v2\/pages\/200\/revisions"}],"predecessor-version":[{"id":359,"href":"https:\/\/tohmek.pl\/index.php\/wp-json\/wp\/v2\/pages\/200\/revisions\/359"}],"up":[{"embeddable":true,"href":"https:\/\/tohmek.pl\/index.php\/wp-json\/wp\/v2\/pages\/18"}],"wp:attachment":[{"href":"https:\/\/tohmek.pl\/index.php\/wp-json\/wp\/v2\/media?parent=200"}],"curies":[{"name":"wp","href":"https:\/\/api.w.org\/{rel}","templated":true}]}}