{"id":2,"date":"2023-10-08T12:05:34","date_gmt":"2023-10-08T12:05:34","guid":{"rendered":"http:\/\/tohmek.pl\/?page_id=2"},"modified":"2025-07-06T07:41:27","modified_gmt":"2025-07-06T07:41:27","slug":"sample-page","status":"publish","type":"page","link":"https:\/\/tohmek.pl\/index.php\/sample-page\/","title":{"rendered":"ELEKTRYKA"},"content":{"rendered":"\n<h4 class=\"wp-block-heading\">PROJEKTY WIELKOPRZEMYS\u0141OWE :&nbsp;<\/h4>\n\n\n\n<blockquote class=\"wp-block-quote is-layout-flow wp-block-quote-is-layout-flow\">\n<h5 class=\"wp-block-heading\">HUTA TATA STEEL (IJmuiden \u2013 Holandia) :<\/h5>\n\n\n\n<p><a rel=\"noreferrer noopener\" href=\"https:\/\/www.tatasteeleurope.com\/construction\/sustainability\/performance-at-our-sites\/ijmuiden\" target=\"_blank\">https:\/\/www.tatasteeleurope.com\/construction\/sustainability\/performance-at-our-sites\/ijmuiden<\/a>&nbsp;&nbsp;<\/p>\n\n\n\n<p>Modernizacja jednego z czterech piec\u00f3w hutniczych w Tata Steel Ca\u0142kowita przebudowa i wymiana sprz\u0119tu elektrycznego. Jako ciekawostk\u0119 obrazuj\u0105c\u0105 skal\u0119 przedsi\u0119wzi\u0119cia mo\u017cna przytoczy\u0107 informacj\u0119, \u017ce wymieniono 40 tysi\u0119cy metr\u00f3w r\u00f3\u017cnych przewod\u00f3w&nbsp;<\/p>\n\n\n\n<figure class=\"wp-block-image size-large\"><img loading=\"lazy\" decoding=\"async\" width=\"768\" height=\"1024\" src=\"https:\/\/tohmek.pl\/wp-content\/uploads\/2023\/10\/IMG_3769-768x1024.jpg\" alt=\"\" class=\"wp-image-145\" srcset=\"https:\/\/tohmek.pl\/wp-content\/uploads\/2023\/10\/IMG_3769-768x1024.jpg 768w, https:\/\/tohmek.pl\/wp-content\/uploads\/2023\/10\/IMG_3769-225x300.jpg 225w, https:\/\/tohmek.pl\/wp-content\/uploads\/2023\/10\/IMG_3769-1152x1536.jpg 1152w, https:\/\/tohmek.pl\/wp-content\/uploads\/2023\/10\/IMG_3769-1536x2048.jpg 1536w, https:\/\/tohmek.pl\/wp-content\/uploads\/2023\/10\/IMG_3769-scaled.jpg 1920w\" sizes=\"auto, (max-width: 768px) 100vw, 768px\" \/><\/figure>\n\n\n\n<figure class=\"wp-block-image size-large\"><img loading=\"lazy\" decoding=\"async\" width=\"1024\" height=\"768\" src=\"https:\/\/tohmek.pl\/wp-content\/uploads\/2023\/10\/IMG_3765-1024x768.jpg\" alt=\"\" class=\"wp-image-186\" srcset=\"https:\/\/tohmek.pl\/wp-content\/uploads\/2023\/10\/IMG_3765-1024x768.jpg 1024w, https:\/\/tohmek.pl\/wp-content\/uploads\/2023\/10\/IMG_3765-300x225.jpg 300w, https:\/\/tohmek.pl\/wp-content\/uploads\/2023\/10\/IMG_3765-768x576.jpg 768w, https:\/\/tohmek.pl\/wp-content\/uploads\/2023\/10\/IMG_3765-1536x1152.jpg 1536w, https:\/\/tohmek.pl\/wp-content\/uploads\/2023\/10\/IMG_3765-2048x1536.jpg 2048w\" sizes=\"auto, (max-width: 1024px) 100vw, 1024px\" \/><\/figure>\n\n\n\n<h5 class=\"wp-block-heading\">VEGA SYSTEMS (OSS &#8211; HOLANDIA) &#8211; ZROBOTYZOWANE GIGANTYCZNE PRALNIE :<\/h5>\n\n\n\n<p><a href=\"https:\/\/www.vegasystems-group.com\/washing-technology\/\">https:\/\/www.vegasystems-group.com\/washing-technology\/<\/a><\/p>\n\n\n\n<p>VEGA Systems \u2013 producent wielkoprzemys\u0142owych pralni i magli. Wykonywanie i monta\u017c paneli sterowniczych (szaf \/ rozdzielni \u2013 od podstaw), okablowania urz\u0105dze\u0144 oraz prace monterskie i mechaniczne. Monta\u017c tras kablowych i przewod\u00f3w, pod\u0142\u0105czanie silnik\u00f3w, czujnik\u00f3w i szaf sterowniczych.&nbsp;&nbsp;&nbsp;<\/p>\n\n\n\n<figure class=\"wp-block-image size-large\"><img loading=\"lazy\" decoding=\"async\" width=\"1024\" height=\"768\" src=\"https:\/\/tohmek.pl\/wp-content\/uploads\/2023\/10\/IMG_2907-1024x768.jpg\" alt=\"\" class=\"wp-image-132\" srcset=\"https:\/\/tohmek.pl\/wp-content\/uploads\/2023\/10\/IMG_2907-1024x768.jpg 1024w, https:\/\/tohmek.pl\/wp-content\/uploads\/2023\/10\/IMG_2907-300x225.jpg 300w, https:\/\/tohmek.pl\/wp-content\/uploads\/2023\/10\/IMG_2907-768x576.jpg 768w, https:\/\/tohmek.pl\/wp-content\/uploads\/2023\/10\/IMG_2907-1536x1152.jpg 1536w, https:\/\/tohmek.pl\/wp-content\/uploads\/2023\/10\/IMG_2907-2048x1536.jpg 2048w\" sizes=\"auto, (max-width: 1024px) 100vw, 1024px\" \/><figcaption class=\"wp-element-caption\">Monta\u017c paneli sterowniczych do maszyn pralniczych<\/figcaption><\/figure>\n\n\n\n<figure class=\"wp-block-image size-full is-resized\"><img loading=\"lazy\" decoding=\"async\" width=\"514\" height=\"395\" src=\"https:\/\/tohmek.pl\/wp-content\/uploads\/2023\/10\/VegaParty2016_1.jpg\" alt=\"\" class=\"wp-image-146\" style=\"aspect-ratio:1.3012658227848102;width:632px;height:auto\" srcset=\"https:\/\/tohmek.pl\/wp-content\/uploads\/2023\/10\/VegaParty2016_1.jpg 514w, https:\/\/tohmek.pl\/wp-content\/uploads\/2023\/10\/VegaParty2016_1-300x231.jpg 300w\" sizes=\"auto, (max-width: 514px) 100vw, 514px\" \/><figcaption class=\"wp-element-caption\">Jedna z gotowych &#8222;pralek&#8221; wielkoprzemys\u0142owych<\/figcaption><\/figure>\n\n\n\n<figure class=\"wp-block-image size-full\"><img loading=\"lazy\" decoding=\"async\" width=\"640\" height=\"371\" src=\"https:\/\/tohmek.pl\/wp-content\/uploads\/2023\/10\/VEGAParty2016.jpg\" alt=\"\" class=\"wp-image-181\" srcset=\"https:\/\/tohmek.pl\/wp-content\/uploads\/2023\/10\/VEGAParty2016.jpg 640w, https:\/\/tohmek.pl\/wp-content\/uploads\/2023\/10\/VEGAParty2016-300x174.jpg 300w\" sizes=\"auto, (max-width: 640px) 100vw, 640px\" \/><figcaption class=\"wp-element-caption\">Gotowy zrobotyzowany magiel. Robotyczne rami\u0119 pobiera z pojemnika po\u015bciel a z drugiej strony odbiera u\u0142o\u017cone w kostk\u0119 i wymaglowan\u0105<\/figcaption><\/figure>\n\n\n\n<h5 class=\"wp-block-heading\">woda dla amsterdamu :<\/h5>\n\n\n\n<p>Woda dla Amsterdamu to projekt w kt\u00f3rym nast\u0105pi\u0142a modernizacja wszystkich obiekt\u00f3w filtrowania wody.<\/p>\n\n\n\n<figure class=\"wp-block-image size-full is-resized\"><img loading=\"lazy\" decoding=\"async\" width=\"422\" height=\"423\" src=\"https:\/\/tohmek.pl\/wp-content\/uploads\/2023\/10\/schody-basen-betonowy.jpg\" alt=\"\" class=\"wp-image-135\" style=\"aspect-ratio:0.9976359338061466;width:631px;height:auto\" srcset=\"https:\/\/tohmek.pl\/wp-content\/uploads\/2023\/10\/schody-basen-betonowy.jpg 422w, https:\/\/tohmek.pl\/wp-content\/uploads\/2023\/10\/schody-basen-betonowy-300x300.jpg 300w, https:\/\/tohmek.pl\/wp-content\/uploads\/2023\/10\/schody-basen-betonowy-150x150.jpg 150w\" sizes=\"auto, (max-width: 422px) 100vw, 422px\" \/><figcaption class=\"wp-element-caption\">Okablowywanie jednego ze zbiornik\u00f3w filtracyjnych<\/figcaption><\/figure>\n\n\n\n<figure class=\"wp-block-image size-large\"><img loading=\"lazy\" decoding=\"async\" width=\"1024\" height=\"768\" src=\"https:\/\/tohmek.pl\/wp-content\/uploads\/2023\/10\/IMG_3649-1024x768.jpg\" alt=\"\" class=\"wp-image-133\" srcset=\"https:\/\/tohmek.pl\/wp-content\/uploads\/2023\/10\/IMG_3649-1024x768.jpg 1024w, https:\/\/tohmek.pl\/wp-content\/uploads\/2023\/10\/IMG_3649-300x225.jpg 300w, https:\/\/tohmek.pl\/wp-content\/uploads\/2023\/10\/IMG_3649-768x576.jpg 768w, https:\/\/tohmek.pl\/wp-content\/uploads\/2023\/10\/IMG_3649-1536x1152.jpg 1536w, https:\/\/tohmek.pl\/wp-content\/uploads\/2023\/10\/IMG_3649-2048x1536.jpg 2048w\" sizes=\"auto, (max-width: 1024px) 100vw, 1024px\" \/><figcaption class=\"wp-element-caption\">Panele sterownicze filtr\u00f3w wody dla Amsterdamu<\/figcaption><\/figure>\n\n\n\n<h4 class=\"wp-block-heading\">INNE PROJEKTY<\/h4>\n\n\n\n<h5 class=\"wp-block-heading\">OGRODNICTWO SKOWRO\u0143SKI &#8211; SU\u0141\u00d3W (MILICZ)<\/h5>\n\n\n\n<p>Utrzymanie ruchu w olbrzymich szklarniach z du\u017c\u0105 ilo\u015bci\u0105 automatyki przy zagadnieniach\u00a0 takich jak: System fertygacji (automatyczne podawanie po\u017cywki ro\u015blinom), komputerowy mieszalnik po\u017cywki dla ro\u015blin, kurtyny klimatyczne, wietrzenie automatyczne, studnie, pompy itp.\u00a0<\/p>\n\n\n\n<p>Konstruowanie nowego sprz\u0119tu z zakresu drobnej automatyki&nbsp;<\/p>\n<\/blockquote>\n\n\n\n<figure class=\"wp-block-image size-full is-resized\"><img loading=\"lazy\" decoding=\"async\" width=\"609\" height=\"428\" src=\"https:\/\/tohmek.pl\/wp-content\/uploads\/2023\/10\/male.jpeg\" alt=\"\" class=\"wp-image-227\" style=\"aspect-ratio:1.2770833333333333;width:618px;height:auto\" srcset=\"https:\/\/tohmek.pl\/wp-content\/uploads\/2023\/10\/male.jpeg 609w, https:\/\/tohmek.pl\/wp-content\/uploads\/2023\/10\/male-300x211.jpeg 300w\" sizes=\"auto, (max-width: 609px) 100vw, 609px\" \/><figcaption class=\"wp-element-caption\">Sterowanie mieszalnikiem po\u017cywki dla &#8222;ma\u0142ych szklarni&#8221;<\/figcaption><\/figure>\n\n\n\n<figure class=\"wp-block-image size-large is-resized\"><img loading=\"lazy\" decoding=\"async\" width=\"1024\" height=\"543\" src=\"https:\/\/tohmek.pl\/wp-content\/uploads\/2023\/10\/klimat-1024x543.jpeg\" alt=\"\" class=\"wp-image-214\" style=\"aspect-ratio:1.8858195211786373;width:617px;height:auto\" srcset=\"https:\/\/tohmek.pl\/wp-content\/uploads\/2023\/10\/klimat-1024x543.jpeg 1024w, https:\/\/tohmek.pl\/wp-content\/uploads\/2023\/10\/klimat-300x159.jpeg 300w, https:\/\/tohmek.pl\/wp-content\/uploads\/2023\/10\/klimat-768x407.jpeg 768w, https:\/\/tohmek.pl\/wp-content\/uploads\/2023\/10\/klimat-1536x814.jpeg 1536w, https:\/\/tohmek.pl\/wp-content\/uploads\/2023\/10\/klimat.jpeg 1657w\" sizes=\"auto, (max-width: 1024px) 100vw, 1024px\" \/><figcaption class=\"wp-element-caption\">Komputer do zarzadzania produkcj\u0105 &#8211; klimatyczny i do zarzadzania fertygacj\u0105 HortiMaX<\/figcaption><\/figure>\n\n\n\n<blockquote class=\"wp-block-quote has-text-align-center is-layout-flow wp-block-quote-is-layout-flow\">\n<figure class=\"wp-block-image size-full is-resized\"><img loading=\"lazy\" decoding=\"async\" width=\"640\" height=\"414\" src=\"https:\/\/tohmek.pl\/wp-content\/uploads\/2023\/10\/image-1.jpeg\" alt=\"\" class=\"wp-image-149\" style=\"aspect-ratio:1.5458937198067633;width:614px;height:auto\" srcset=\"https:\/\/tohmek.pl\/wp-content\/uploads\/2023\/10\/image-1.jpeg 640w, https:\/\/tohmek.pl\/wp-content\/uploads\/2023\/10\/image-1-300x194.jpeg 300w\" sizes=\"auto, (max-width: 640px) 100vw, 640px\" \/><\/figure>\n<cite>Zewn\u0119trzne zbiorniki na po\u017cywk\u0119.<\/cite><\/blockquote>\n\n\n\n<p><\/p>\n","protected":false},"excerpt":{"rendered":"<p>PROJEKTY WIELKOPRZEMYS\u0141OWE :&nbsp;<\/p>\n","protected":false},"author":1,"featured_media":0,"parent":0,"menu_order":0,"comment_status":"closed","ping_status":"closed","template":"","meta":{"footnotes":""},"class_list":["post-2","page","type-page","status-publish","hentry"],"_links":{"self":[{"href":"https:\/\/tohmek.pl\/index.php\/wp-json\/wp\/v2\/pages\/2","targetHints":{"allow":["GET"]}}],"collection":[{"href":"https:\/\/tohmek.pl\/index.php\/wp-json\/wp\/v2\/pages"}],"about":[{"href":"https:\/\/tohmek.pl\/index.php\/wp-json\/wp\/v2\/types\/page"}],"author":[{"embeddable":true,"href":"https:\/\/tohmek.pl\/index.php\/wp-json\/wp\/v2\/users\/1"}],"replies":[{"embeddable":true,"href":"https:\/\/tohmek.pl\/index.php\/wp-json\/wp\/v2\/comments?post=2"}],"version-history":[{"count":30,"href":"https:\/\/tohmek.pl\/index.php\/wp-json\/wp\/v2\/pages\/2\/revisions"}],"predecessor-version":[{"id":343,"href":"https:\/\/tohmek.pl\/index.php\/wp-json\/wp\/v2\/pages\/2\/revisions\/343"}],"wp:attachment":[{"href":"https:\/\/tohmek.pl\/index.php\/wp-json\/wp\/v2\/media?parent=2"}],"curies":[{"name":"wp","href":"https:\/\/api.w.org\/{rel}","templated":true}]}}