{"id":18,"date":"2023-10-08T14:26:10","date_gmt":"2023-10-08T14:26:10","guid":{"rendered":"https:\/\/tohmek.pl\/?page_id=18"},"modified":"2024-02-26T07:37:08","modified_gmt":"2024-02-26T07:37:08","slug":"reaktory-mikrofalowe","status":"publish","type":"page","link":"https:\/\/tohmek.pl\/index.php\/reaktory-mikrofalowe\/","title":{"rendered":"ELEKTRONIKA"},"content":{"rendered":"\n<p>Podstawow\u0105 ga\u0142\u0119zi\u0105 w jakiej wiele lat uczestniczy\u0142 tOHMek jest elektronika.<\/p>\n\n\n\n<p>Najciekawsze i najbardziej tw\u00f3rcze lata w tej dziedzinie zwi\u0105zane s\u0105 ze wsp\u00f3\u0142prac\u0105  z dr Edwardem Reszke w\u0142a\u015bcicielem firmy ERTEC<\/p>\n\n\n\n<p>Dr Edward Reszke to (cyt.) &#8222;wsp\u00f3\u0142tw\u00f3rca i wsp\u00f3\u0142autor sukcesu Polski na polu zastosowania mikrofal w analityce chemicznej, syntezie zwi\u0105zk\u00f3w organicznych, medycynie, produkcji ozonu, jak r\u00f3wnie\u017c sterylizacji \u017cywno\u015bci przy u\u017cyciu pulsacyjnego pola elektrycznego i wielu innych&#8221;.<\/p>\n\n\n\n<p>W firmie ERTEC odbywa\u0142a si\u0119 produkcja sprz\u0119tu elektronicznego z u\u017cyciem promieniowania mikrofalowego i plazmy mikrofalowej. Konstruowanie niestandardowych i jednostkowych urz\u0105dze\u0144 na zam\u00f3wienia polskich i zagranicznych&nbsp; podmiot\u00f3w jak PAN, instytut\u00f3w naukowych i uczelni. <\/p>\n\n\n\n<p>Wi\u0119cej przyk\u0142ad\u00f3w urz\u0105dze\u0144 wytwarzanych w firmie znajdziesz na podstronie ERTEC Mikrofale w nauce i technice <a href=\"https:\/\/tohmek.pl\/index.php\/reaktory-mikrofalowe\/ertec-mikrofale-w-nauce-i-technice\/\" data-type=\"link\" data-id=\"https:\/\/tohmek.pl\/index.php\/reaktory-mikrofalowe\/ertec-mikrofale-w-nauce-i-technice\/\">https:\/\/tohmek.pl\/index.php\/reaktory-mikrofalowe\/ertec-mikrofale-w-nauce-i-technice\/<\/a><\/p>\n\n\n\n<figure class=\"wp-block-image size-large\"><img loading=\"lazy\" decoding=\"async\" width=\"1024\" height=\"768\" src=\"https:\/\/tohmek.pl\/wp-content\/uploads\/2023\/10\/DSCN1232-1024x768.jpg\" alt=\"\" class=\"wp-image-161\" srcset=\"https:\/\/tohmek.pl\/wp-content\/uploads\/2023\/10\/DSCN1232-1024x768.jpg 1024w, https:\/\/tohmek.pl\/wp-content\/uploads\/2023\/10\/DSCN1232-300x225.jpg 300w, https:\/\/tohmek.pl\/wp-content\/uploads\/2023\/10\/DSCN1232-768x576.jpg 768w, https:\/\/tohmek.pl\/wp-content\/uploads\/2023\/10\/DSCN1232-1536x1152.jpg 1536w, https:\/\/tohmek.pl\/wp-content\/uploads\/2023\/10\/DSCN1232-2048x1536.jpg 2048w\" sizes=\"auto, (max-width: 1024px) 100vw, 1024px\" \/><figcaption class=\"wp-element-caption\">Mikrofalowa plazma pr\u00f3\u017cniowa<\/figcaption><\/figure>\n\n\n\n<p>Wykonywano prototypowe uk\u0142ady elektroniczne a tak\u017ce produkowano seryjne urz\u0105dzenia do syntez w wysokim ci\u015bnieniu i&nbsp;temperaturze &#8211; reaktory \u201cMAGNUM\u201d .&nbsp;<\/p>\n\n\n\n<figure class=\"wp-block-image\"><img loading=\"lazy\" decoding=\"async\" width=\"1024\" height=\"768\" src=\"https:\/\/tohmek.pl\/wp-content\/uploads\/2023\/10\/DSCN1529-scaled-1024x768.jpg\" alt=\"\" class=\"wp-image-171\" srcset=\"https:\/\/tohmek.pl\/wp-content\/uploads\/2023\/10\/DSCN1529-scaled-1024x768.jpg 1024w, https:\/\/tohmek.pl\/wp-content\/uploads\/2023\/10\/DSCN1529-scaled-300x225.jpg 300w, https:\/\/tohmek.pl\/wp-content\/uploads\/2023\/10\/DSCN1529-scaled-768x576.jpg 768w, https:\/\/tohmek.pl\/wp-content\/uploads\/2023\/10\/DSCN1529-scaled-1536x1152.jpg 1536w, https:\/\/tohmek.pl\/wp-content\/uploads\/2023\/10\/DSCN1529-scaled-2048x1536.jpg 2048w\" sizes=\"auto, (max-width: 1024px) 100vw, 1024px\" \/><figcaption class=\"wp-element-caption\">Budowa reaktora mikrofalowego MAGNUM<\/figcaption><\/figure>\n\n\n\n<figure class=\"wp-block-image size-large\"><img loading=\"lazy\" decoding=\"async\" width=\"1024\" height=\"754\" src=\"https:\/\/tohmek.pl\/wp-content\/uploads\/2023\/10\/102_0374-1024x754.jpg\" alt=\"\" class=\"wp-image-234\" srcset=\"https:\/\/tohmek.pl\/wp-content\/uploads\/2023\/10\/102_0374-1024x754.jpg 1024w, https:\/\/tohmek.pl\/wp-content\/uploads\/2023\/10\/102_0374-300x221.jpg 300w, https:\/\/tohmek.pl\/wp-content\/uploads\/2023\/10\/102_0374-768x566.jpg 768w, https:\/\/tohmek.pl\/wp-content\/uploads\/2023\/10\/102_0374-1536x1132.jpg 1536w, https:\/\/tohmek.pl\/wp-content\/uploads\/2023\/10\/102_0374-2048x1509.jpg 2048w\" sizes=\"auto, (max-width: 1024px) 100vw, 1024px\" \/><figcaption class=\"wp-element-caption\">W trakcie produkcji reaktor\u00f3w mikrofalowych MAGNUM II<\/figcaption><\/figure>\n\n\n\n<figure class=\"wp-block-image size-large\"><img loading=\"lazy\" decoding=\"async\" width=\"683\" height=\"1024\" src=\"https:\/\/tohmek.pl\/wp-content\/uploads\/2023\/10\/2_PO_RETUSZU-683x1024.jpg\" alt=\"\" class=\"wp-image-170\" srcset=\"https:\/\/tohmek.pl\/wp-content\/uploads\/2023\/10\/2_PO_RETUSZU-683x1024.jpg 683w, https:\/\/tohmek.pl\/wp-content\/uploads\/2023\/10\/2_PO_RETUSZU-200x300.jpg 200w, https:\/\/tohmek.pl\/wp-content\/uploads\/2023\/10\/2_PO_RETUSZU-768x1152.jpg 768w, https:\/\/tohmek.pl\/wp-content\/uploads\/2023\/10\/2_PO_RETUSZU-1024x1536.jpg 1024w, https:\/\/tohmek.pl\/wp-content\/uploads\/2023\/10\/2_PO_RETUSZU-1365x2048.jpg 1365w, https:\/\/tohmek.pl\/wp-content\/uploads\/2023\/10\/2_PO_RETUSZU-scaled.jpg 1707w\" sizes=\"auto, (max-width: 683px) 100vw, 683px\" \/><figcaption class=\"wp-element-caption\">Reaktor mikrofalowy MAGNUM II<\/figcaption><\/figure>\n","protected":false},"excerpt":{"rendered":"<p>Podstawow\u0105 ga\u0142\u0119zi\u0105 w jakiej wiele lat uczestniczy\u0142 tOHMek jest elektronika. Najciekawsze i najbardziej tw\u00f3rcze lata w tej dziedzinie zwi\u0105zane s\u0105 ze wsp\u00f3\u0142prac\u0105 z dr Edwardem Reszke w\u0142a\u015bcicielem firmy ERTEC Dr Edward Reszke to (cyt.) &#8222;wsp\u00f3\u0142tw\u00f3rca i wsp\u00f3\u0142autor sukcesu Polski na polu zastosowania mikrofal w analityce chemicznej, syntezie zwi\u0105zk\u00f3w organicznych, medycynie, produkcji ozonu, jak r\u00f3wnie\u017c sterylizacji [&hellip;]<\/p>\n","protected":false},"author":1,"featured_media":0,"parent":0,"menu_order":0,"comment_status":"closed","ping_status":"closed","template":"","meta":{"footnotes":""},"class_list":["post-18","page","type-page","status-publish","hentry"],"_links":{"self":[{"href":"https:\/\/tohmek.pl\/index.php\/wp-json\/wp\/v2\/pages\/18","targetHints":{"allow":["GET"]}}],"collection":[{"href":"https:\/\/tohmek.pl\/index.php\/wp-json\/wp\/v2\/pages"}],"about":[{"href":"https:\/\/tohmek.pl\/index.php\/wp-json\/wp\/v2\/types\/page"}],"author":[{"embeddable":true,"href":"https:\/\/tohmek.pl\/index.php\/wp-json\/wp\/v2\/users\/1"}],"replies":[{"embeddable":true,"href":"https:\/\/tohmek.pl\/index.php\/wp-json\/wp\/v2\/comments?post=18"}],"version-history":[{"count":13,"href":"https:\/\/tohmek.pl\/index.php\/wp-json\/wp\/v2\/pages\/18\/revisions"}],"predecessor-version":[{"id":316,"href":"https:\/\/tohmek.pl\/index.php\/wp-json\/wp\/v2\/pages\/18\/revisions\/316"}],"wp:attachment":[{"href":"https:\/\/tohmek.pl\/index.php\/wp-json\/wp\/v2\/media?parent=18"}],"curies":[{"name":"wp","href":"https:\/\/api.w.org\/{rel}","templated":true}]}}